{"id":88,"date":"2018-04-16T11:06:51","date_gmt":"2018-04-16T11:06:51","guid":{"rendered":"https:\/\/www.spaceandemergence.com\/?page_id=88"},"modified":"2018-04-17T07:47:32","modified_gmt":"2018-04-17T07:47:32","slug":"cv","status":"publish","type":"page","link":"https:\/\/www.spaceandemergence.com\/?page_id=88","title":{"rendered":"About"},"content":{"rendered":"<h6><img loading=\"lazy\" decoding=\"async\" class=\"alignnone size-medium wp-image-152\" src=\"https:\/\/www.spaceandemergence.com\/wp-content\/uploads\/2018\/04\/image-300x200.jpeg\" alt=\"\" width=\"300\" height=\"200\" srcset=\"https:\/\/www.spaceandemergence.com\/wp-content\/uploads\/2018\/04\/image-300x200.jpeg 300w, https:\/\/www.spaceandemergence.com\/wp-content\/uploads\/2018\/04\/image-768x512.jpeg 768w, https:\/\/www.spaceandemergence.com\/wp-content\/uploads\/2018\/04\/image-1024x683.jpeg 1024w, https:\/\/www.spaceandemergence.com\/wp-content\/uploads\/2018\/04\/image.jpeg 1280w\" sizes=\"auto, (max-width: 300px) 100vw, 300px\" \/><\/h6>\n<h6 class=\"p1\">Henrik B. Andersen, f. 1958 i Hornb\u00e6k er uddannet p\u00e5 Det Kongelige Danske Kunstakademis Billedkunstskoler hos Billedhugger og Professor Willy \u00d8rskov og Billedhugger og Professor Hein Heinsen. I hans arbejde s\u00f8ger han at inkorporere nye naturvidenskabelige erkendelser i et moderne skulptursprog. Produktionen sp\u00e6nder over betydningsm\u00e6ttede og figurative v\u00e6rker til formelt \u00e5bne, strukturelle og abstrakte v\u00e6rker. V\u00e6rkerne fremst\u00e5r eksklusive og komplekse samtidig med at deres umiddelbare n\u00e6rv\u00e6r g\u00f8r dem sanseligt tilg\u00e6ngelige.<\/h6>\n","protected":false},"excerpt":{"rendered":"<p>Henrik B. Andersen, f. 1958 i Hornb\u00e6k er uddannet p\u00e5 Det Kongelige Danske Kunstakademis Billedkunstskoler hos Billedhugger og Professor Willy \u00d8rskov og Billedhugger og Professor Hein Heinsen. I hans arbejde s\u00f8ger han at inkorporere nye naturvidenskabelige erkendelser i et moderne skulptursprog. Produktionen sp\u00e6nder over betydningsm\u00e6ttede og figurative v\u00e6rker til formelt \u00e5bne, strukturelle og abstrakte v\u00e6rker. [&hellip;]<\/p>\n","protected":false},"author":1,"featured_media":0,"parent":0,"menu_order":0,"comment_status":"closed","ping_status":"closed","template":"","meta":{"ngg_post_thumbnail":0,"footnotes":""},"class_list":["post-88","page","type-page","status-publish","hentry"],"_links":{"self":[{"href":"https:\/\/www.spaceandemergence.com\/index.php?rest_route=\/wp\/v2\/pages\/88","targetHints":{"allow":["GET"]}}],"collection":[{"href":"https:\/\/www.spaceandemergence.com\/index.php?rest_route=\/wp\/v2\/pages"}],"about":[{"href":"https:\/\/www.spaceandemergence.com\/index.php?rest_route=\/wp\/v2\/types\/page"}],"author":[{"embeddable":true,"href":"https:\/\/www.spaceandemergence.com\/index.php?rest_route=\/wp\/v2\/users\/1"}],"replies":[{"embeddable":true,"href":"https:\/\/www.spaceandemergence.com\/index.php?rest_route=%2Fwp%2Fv2%2Fcomments&post=88"}],"version-history":[{"count":3,"href":"https:\/\/www.spaceandemergence.com\/index.php?rest_route=\/wp\/v2\/pages\/88\/revisions"}],"predecessor-version":[{"id":154,"href":"https:\/\/www.spaceandemergence.com\/index.php?rest_route=\/wp\/v2\/pages\/88\/revisions\/154"}],"wp:attachment":[{"href":"https:\/\/www.spaceandemergence.com\/index.php?rest_route=%2Fwp%2Fv2%2Fmedia&parent=88"}],"curies":[{"name":"wp","href":"https:\/\/api.w.org\/{rel}","templated":true}]}}